{"id":2,"date":"2014-04-03T09:56:55","date_gmt":"2014-04-03T09:56:55","guid":{"rendered":"http:\/\/dvd-palinovec.hr\/wp\/?page_id=2"},"modified":"2022-04-10T13:18:21","modified_gmt":"2022-04-10T13:18:21","slug":"sample-page","status":"publish","type":"page","link":"https:\/\/dvd-palinovec.hr\/?page_id=2","title":{"rendered":"Povijest"},"content":{"rendered":"<div class=\"kvgmc6g5 cxmmr5t8 oygrvhab hcukyx3x c1et5uql\">\n<div dir=\"auto\">Dru\u0161tvo je osnovano 18. rujna 1932. godine na osniva\u010dkoj skup\u0161tini kojoj je prisustvovalo 13 \u010dlanova.<br \/>\nPrva ru\u010dna \u0161trcaljka nabavljena je 1932. godine, a slijede\u0107e godine pribavljena je vatrogasna odje\u0107a. Prvi agregat Dru\u0161tvo posjeduje od 1946. godine, a vatrogasna odje\u0107a nabavljena je 1952. godine. Godine 1959. Dru\u0161tvo nabavlja agregat, 1964. godine prvo vozilo a 1967. godine nabavljeno je vatrogasno kombi vozilo. Agregat &#8220;Ziegler&#8221; nabavljen je 1970. godine, novo kombi vozilo 1976. godine i ponovno novi agregat &#8220;Ziegler&#8221; 1980. godine.<br \/>\nPored toga Dru\u0161tvo posjeduje opremu za pjenu, muljnu pumpu i ostali vatrogasni pribor.<\/div>\n<\/div>\n<div class=\"cxmmr5t8 oygrvhab hcukyx3x c1et5uql o9v6fnle\">\n<div dir=\"auto\">Kada je Dru\u0161tvo osnovano, kao vatrogasno spremi\u0161te koristila se drvena \u0161upa. Vatrogasni dom izgra\u0111en je 1952. godine, a danas se DVD Palinovec koristi vatrogasnim domom koji je izgra\u0111en 1978. godine.<\/div>\n<\/div>\n<div class=\"cxmmr5t8 oygrvhab hcukyx3x c1et5uql o9v6fnle\">\n<div dir=\"auto\">Najzna\u010dajnije priznanje koje resi vitrine DVD Palinovca su Plaketa oslobo\u0111enja Me\u0111imurja dodijeljena 1982. godine i Priznanje Republi\u010dke konferencije SSRN Hrvatske od 1979. godine. Pored ova dva priznanja,<\/div>\n<\/div>\n<div class=\"cxmmr5t8 oygrvhab hcukyx3x c1et5uql o9v6fnle\">\n<div dir=\"auto\">Dru\u0161tvo posjeduje niz priznanja vatrogasnih saveza i dru\u0161tava, kao i osvojene pokale na natjecanjima, a izdvojili bismo samo najzna\u010dajnije:<\/div>\n<\/div>\n<div class=\"cxmmr5t8 oygrvhab hcukyx3x c1et5uql o9v6fnle\">\n<div dir=\"auto\">&#8211; Osvojeno je prvenstvo Hrvatske 1963. godine u kategoriji mu\u0161kih jedinica DVD-a.<\/div>\n<div dir=\"auto\">&#8211; Na republi\u010dkom natjecanju vatrogasaca koje je odr\u017eano u Trogiru 1. i 2. rujna 1973. godine, DVD Palinovec zauzeo je peto mjesto.<\/div>\n<div dir=\"auto\">&#8211; Na republi\u010dkom natjecanju u Krapini koje se odr\u017eavalo 6. i 7. rujna 1975. godine DVD Palinovec zauzeo je tre\u0107e mjesto.<\/div>\n<div dir=\"auto\">&#8211; Na republi\u010dkom natjecanju u Puli 6. i 7. listopada 1979. godine, Dru\u0161tvo zauzima \u0161esto mjesto.<\/div>\n<div dir=\"auto\">&#8211; Godine 1983. na sedmom republi\u010dkom natjecanju vatrogasaca u Splitu Dru\u0161tvo je sedmoplasirano.<\/div>\n<div dir=\"auto\">-1983. u Splitu pionirska B ekipa osvaja 3.mjesto.<\/div>\n<div dir=\"auto\">-1985. pionirska B ekipa u Dugoj Resi postaje prvak Jugoslavije.<\/div>\n<div dir=\"auto\">-1987. pionirksa B ekipa obranila naslov prvaka Jugoslavije u Po\u017eegi.<\/div>\n<div dir=\"auto\">&#8211; Od 1963. godine, dakle punih 22 godine, DVD Palinovec je neprekidno prvak op\u0107ine (dana\u0161nje \u017eupanije) u kategoriji mu\u0161kih jedinica dobrovoljnih vatrogasnih dru\u0161tava Me\u0111imurja kao i prvak zone.<\/div>\n<\/div>\n<div class=\"cxmmr5t8 oygrvhab hcukyx3x c1et5uql o9v6fnle\">\n<div dir=\"auto\">Danas je na\u0161e dru\u0161tvo opremljeno odgovaraju\u0107om vatrogasnom tehnikom, a \u010dlanstvo je osposobljeno za vatrogasne intervencije na za\u0161titi i o\u010duvanju osobne sigurnosti mje\u0161tana Palinovca i njihove imovine. U zadnjih nekoliko godina ekipe djece i mlade\u017ei konstanto osvajaju pehare na \u017eupanijskim natjecanjima (po 6 ekipa minimalno sudjeluje na \u017eupanijskim natjecanjima), a dokaz kvalitetnog rada su i 5.mjesto mu\u0161ke te 5.mjesto \u017eenske mlade\u017ei na dr\u017eavnom natjecanju u Zadru 2012. godine, 4. mjesto \u017eenske mlade\u017ei i 7. mjesto mu\u0161ke mlade\u017ei na dr\u017eavnom natjecanju u Puli te 4. mjesto mlade\u017ei mu\u0161ke na dr\u017eavnom natjecanju u Zadru 2018. godine. Osvojili smo i 3.mjesto u Kup natjecanju HVZ 2011. godine s mlade\u017ei mu\u0161kom te 3. mjesta u kategorijama mlade\u017e \u017eene i mlade\u017e mu\u0161ki 2015. godine. Te godine opet smo sa rekordnih 11 ekipa sudjelovali na \u017eupanijskom natjecanju (2 DM, 2 MM, M\u017d, 2 MA, 2 \u017dA, MB i \u017dB)., a ta godina je najuspje\u0161nija u novijoj povijesti dru\u0161tva jer smo se sa \u010dak 5!! ekipa kvalificirali na dr\u017eavno natjecanje u Puli.<\/div>\n<\/div>\n<div class=\"cxmmr5t8 oygrvhab hcukyx3x c1et5uql o9v6fnle\">\n<div dir=\"auto\">2021. godine bilo je sli\u010dno kao i 2020. Situacija oko korone nije se promjenila iako je danas ve\u0107ina ljudi primila cjepivo. Na po\u010detku godine na\u0161i \u010dlanovi Dominik Horvat, Robert Horvat i Martin Recek pomagali su u potresom pogo\u0111enoj op\u0107ini Majur. Od intervencija moramo spomenuti po\u017eare trave i niskog raslinja te tehni\u010dke intervencije uklanjanja gnijezda str\u0161ljenova. Provodili smo preventivu tokom cijele godine, pregledana je hidrantska mre\u017ea, tokom \u017eetvene sezone smo pregledavali kombajne i sl. Na\u0161 \u010dlan Sandro Kerovec sudjelovao je na seminaru za voditelje vatrogasne mlade\u017ei u Fa\u017eani. Na redovnoj godi\u0161njoj skup\u0161tini na mandat od 5 godina izabrani su: predsjednik Franjo Jan\u010dec, zamjenik predsjednika Darko Sabol, zapovjednik Robert Horvat, zamjenik zapovjednika Ivan Petar Srpak, blagajnik Vladimir Srpak te tajnik Goran Bobeti\u0107. Za spremi\u0161tara je izabran Martin Recek. A ostali \u010dlanovi Upravnog odbora su Daniel \u010cemerika, Petar Sabol, Dino File\u0161, Dominik Horvat, Miroslav Ore\u0161ki i Bo\u017eo Mihocek. Nadzorni odbor \u010dine Josip Sabol, \u0110uro Novak i Tomislav Srpak.<\/div>\n<div dir=\"auto\">Na dr\u017eavnom natjecanju za seniore u Vara\u017edinu sudjelovali smo sa 4 ekipe. Na\u0161e popularne Kobre (\u017eene a2) osvojile su u jakoj konkurenciji 2.mjesto te se time plasirale na vatrogasnu olimpijadu koja \u0107e se odr\u017eati 17-24.7. u Celju. Veoma smo ponosni na ovaj povjesni uspijeh za na\u0161 DVD te se nadamo da \u0107e nas cure i tamo predstaviti u najboljem svjetlu u ovoj okrugoj 90-oj godini postojanja na\u0161eg dru\u0161tva.<\/div>\n<\/div>\n<p>&nbsp;<\/p>\n","protected":false},"excerpt":{"rendered":"<p>Dru\u0161tvo je osnovano 18. rujna 1932. godine na osniva\u010dkoj skup\u0161tini kojoj je prisustvovalo 13 \u010dlanova. Prva ru\u010dna \u0161trcaljka nabavljena je 1932. godine, a slijede\u0107e godine pribavljena je vatrogasna odje\u0107a. Prvi agregat Dru\u0161tvo posjeduje od 1946. godine, a vatrogasna odje\u0107a nabavljena je 1952. godine. Godine 1959. Dru\u0161tvo nabavlja agregat, 1964. godine prvo vozilo a 1967. godine &hellip; <a href=\"https:\/\/dvd-palinovec.hr\/?page_id=2\" class=\"more-link\">Nastavi \u010ditati <span class=\"screen-reader-text\">Povijest<\/span> <span class=\"meta-nav\">&rarr;<\/span><\/a><\/p>\n","protected":false},"author":1,"featured_media":0,"parent":0,"menu_order":10,"comment_status":"closed","ping_status":"closed","template":"","meta":{"footnotes":""},"_links":{"self":[{"href":"https:\/\/dvd-palinovec.hr\/index.php?rest_route=\/wp\/v2\/pages\/2"}],"collection":[{"href":"https:\/\/dvd-palinovec.hr\/index.php?rest_route=\/wp\/v2\/pages"}],"about":[{"href":"https:\/\/dvd-palinovec.hr\/index.php?rest_route=\/wp\/v2\/types\/page"}],"author":[{"embeddable":true,"href":"https:\/\/dvd-palinovec.hr\/index.php?rest_route=\/wp\/v2\/users\/1"}],"replies":[{"embeddable":true,"href":"https:\/\/dvd-palinovec.hr\/index.php?rest_route=%2Fwp%2Fv2%2Fcomments&post=2"}],"version-history":[{"count":6,"href":"https:\/\/dvd-palinovec.hr\/index.php?rest_route=\/wp\/v2\/pages\/2\/revisions"}],"predecessor-version":[{"id":649,"href":"https:\/\/dvd-palinovec.hr\/index.php?rest_route=\/wp\/v2\/pages\/2\/revisions\/649"}],"wp:attachment":[{"href":"https:\/\/dvd-palinovec.hr\/index.php?rest_route=%2Fwp%2Fv2%2Fmedia&parent=2"}],"curies":[{"name":"wp","href":"https:\/\/api.w.org\/{rel}","templated":true}]}}