{"id":18,"date":"2014-04-28T17:25:28","date_gmt":"2014-04-28T17:25:28","guid":{"rendered":"http:\/\/dvd-palinovec.hr\/?page_id=18"},"modified":"2022-04-10T13:15:46","modified_gmt":"2022-04-10T13:15:46","slug":"ustroj","status":"publish","type":"page","link":"http:\/\/dvd-palinovec.hr\/?page_id=18","title":{"rendered":"Ustroj"},"content":{"rendered":"<ul>\n<li>PREDSJEDNIK<br \/>\n<strong>\u00a0Franjo Jan\u010dec<\/strong><\/li>\n<li>ZAMJENIK PREDSJEDNIKA<br \/>\n<strong>Darko Sabol<\/strong><\/li>\n<li>ZAPOVJEDNIK<br \/>\n<strong>Robert Horvat<\/strong><\/li>\n<li>ZAMJENIk ZAPOVJEDNIKA<br \/>\n<strong>Ivan-Petar Srpak<\/strong><\/li>\n<li>BLAGAJNIK<br \/>\n<strong>Vladimir Srpak<\/strong><\/li>\n<li>TAJNIK<br \/>\n<strong>Goran Bobeti\u0107<\/strong><\/li>\n<\/ul>\n<p><strong>\u010clanovi\u00a0 Upravnog odbora su:<\/strong><\/p>\n<ul>\n<li>Franjo Jan\u010dec,<\/li>\n<li>Miroslav Ore\u0161ki,<\/li>\n<li>Darko Sabol,<\/li>\n<li>Ivan-Petar Srpak,<\/li>\n<li>Goran Bobeti\u0107,<\/li>\n<li>Vladimir Srpak,<\/li>\n<li>Danijel \u010cemerika,<\/li>\n<li>Petar Sabol,<\/li>\n<li>Robert Horvat,<\/li>\n<li>Bo\u017eo Mihocek,<\/li>\n<li>Martin Recek,<\/li>\n<li>Dino File\u0161 i<\/li>\n<li>Dominik Horvat.<\/li>\n<\/ul>\n<p><strong>\u010clanovi\u00a0\u00a0Nadzornog odbora su:<\/strong><\/p>\n<ul>\n<li>Josip Sabol<\/li>\n<li>\u0110uro Novak i<\/li>\n<li>Tomislav Srpak<\/li>\n<\/ul>\n<p>&nbsp;<\/p>\n<p><strong>BROJNO STANJE DRU\u0160TVA<\/strong><\/p>\n<p>Brojno stanje DVD-a \u00a0Palinovec<\/p>\n<p>DVD Palinovec danas broji ukupno 116 aktivnih \u010dlanova starijih od 18 godina,<\/p>\n<p>te\u00a0 48 \u010dlana djece i mlade\u017ei.<\/p>\n<p>Stru\u010dni sastav izgleda ovako:<br \/>\n&#8211; sa zvanjem vatrogasca-\u00a0 40 \u010dlanova,<\/p>\n<p>&#8211; vatrogasaca 1 klase \u2013 26 \u010dlanova,<\/p>\n<p>&#8211; vatrogasnih do\u010dasnika -13 \u010dlana;<\/p>\n<p>&#8211; vatrogasnih do\u010dasnika 1 klase &#8211; 4 \u010dlana,<\/p>\n<p>&#8211; vatrogasnih \u010dasnika &#8211; 6 \u010dlana,<\/p>\n<p>&#8211; vatrogasnih \u010dasnika l klase &#8211; 2 \u010dlana<\/p>\n<p>&#8211; po\u010dasnih \u010dasnika &#8211; 2 \u010dlana<\/p>\n<p>&#8211; voditelja mlade\u017ei \u2013 2 \u010dlana<\/p>\n<p>&#8211; specijalnosti 7 \u010dlanova<\/p>\n<p>&nbsp;<\/p>\n<p><strong>Kratka povjest vodstva dru\u0161tva<\/strong><\/p>\n<p>Dana 18. rujna 1932. godine osnovano Dobrovoljno vatrogasno dru\u0161tvo Palinovec, sa ciljem da se organizirano oduprije vatrenoj stihiji i drugim katastrofama.<\/p>\n<p>Za prvo vodstvo izabrani su: predsjednik Srpak Ivan, zapovjednik Lon\u010dari\u0107 Andrija, dozapovjednik Barana\u0161i\u0107 Nikola, blagajnik Tkalec Vinko, tajnik Kozina Eduard i truba\u010d \u010canadi Franjo.<\/p>\n<p>U radu dobrovoljnog vatrogasnog dru\u0161tva Palinovec sudjelovali su mnogi mje\u0161tani na\u0161eg sela.<\/p>\n<p>Kroz sve te godine predsjednici DVD-A bili su:<\/p>\n<ul>\n<li>Srpak Ivan,<\/li>\n<li>Lon\u010dari\u0107 Andrija,<\/li>\n<li>Bacinger Stjepan,<\/li>\n<li>Vidovi\u0107 Ivan,<\/li>\n<li>\u010canadi \u0110uro,<\/li>\n<li>Hli\u0161\u0107 Josip,<\/li>\n<li>Lovren\u010di\u0107 Zlatko,<\/li>\n<li>Sabol Josip i<\/li>\n<li>Jan\u010dec Franjo,<\/li>\n<\/ul>\n<p>a zapovjednici:<\/p>\n<ul>\n<li>Lon\u010dari\u0107 Andrija,<\/li>\n<li>Barana\u0161i\u0107 Nikola,<\/li>\n<li>Orehovec Ivan,<\/li>\n<li>Lovren\u010di\u0107 Tomo,<\/li>\n<li>Srpak Tomislav<\/li>\n<li>File\u0161 Kruno<\/li>\n<li>Robert Horvat<\/li>\n<\/ul>\n<p>&nbsp;<\/p>\n","protected":false},"excerpt":{"rendered":"<p>PREDSJEDNIK \u00a0Franjo Jan\u010dec ZAMJENIK PREDSJEDNIKA Darko Sabol ZAPOVJEDNIK Robert Horvat ZAMJENIk ZAPOVJEDNIKA Ivan-Petar Srpak BLAGAJNIK Vladimir Srpak TAJNIK Goran Bobeti\u0107 \u010clanovi\u00a0 Upravnog odbora su: Franjo Jan\u010dec, Miroslav Ore\u0161ki, Darko Sabol, Ivan-Petar Srpak, Goran Bobeti\u0107, Vladimir Srpak, Danijel \u010cemerika, Petar Sabol, Robert Horvat, Bo\u017eo Mihocek, Martin Recek, Dino File\u0161 i Dominik Horvat. \u010clanovi\u00a0\u00a0Nadzornog odbora su: Josip &hellip; <a href=\"http:\/\/dvd-palinovec.hr\/?page_id=18\" class=\"more-link\">Nastavi \u010ditati <span class=\"screen-reader-text\">Ustroj<\/span> <span class=\"meta-nav\">&rarr;<\/span><\/a><\/p>\n","protected":false},"author":1,"featured_media":0,"parent":0,"menu_order":0,"comment_status":"closed","ping_status":"closed","template":"","meta":{"footnotes":""},"_links":{"self":[{"href":"http:\/\/dvd-palinovec.hr\/index.php?rest_route=\/wp\/v2\/pages\/18"}],"collection":[{"href":"http:\/\/dvd-palinovec.hr\/index.php?rest_route=\/wp\/v2\/pages"}],"about":[{"href":"http:\/\/dvd-palinovec.hr\/index.php?rest_route=\/wp\/v2\/types\/page"}],"author":[{"embeddable":true,"href":"http:\/\/dvd-palinovec.hr\/index.php?rest_route=\/wp\/v2\/users\/1"}],"replies":[{"embeddable":true,"href":"http:\/\/dvd-palinovec.hr\/index.php?rest_route=%2Fwp%2Fv2%2Fcomments&post=18"}],"version-history":[{"count":11,"href":"http:\/\/dvd-palinovec.hr\/index.php?rest_route=\/wp\/v2\/pages\/18\/revisions"}],"predecessor-version":[{"id":648,"href":"http:\/\/dvd-palinovec.hr\/index.php?rest_route=\/wp\/v2\/pages\/18\/revisions\/648"}],"wp:attachment":[{"href":"http:\/\/dvd-palinovec.hr\/index.php?rest_route=%2Fwp%2Fv2%2Fmedia&parent=18"}],"curies":[{"name":"wp","href":"https:\/\/api.w.org\/{rel}","templated":true}]}}