{"id":13,"date":"2014-04-28T17:22:39","date_gmt":"2014-04-28T17:22:39","guid":{"rendered":"http:\/\/dvd-palinovec.hr\/?page_id=13"},"modified":"2023-05-14T17:23:30","modified_gmt":"2023-05-14T17:23:30","slug":"tehnicka-opremljenost","status":"publish","type":"page","link":"http:\/\/dvd-palinovec.hr\/?page_id=13","title":{"rendered":"Tehni\u010dka opremljenost"},"content":{"rendered":"<p><span style=\"font-family: 'Times New Roman', serif;\"><span style=\"font-size: medium;\">Od opreme DVD-Palinovec ima 2 vatrogasna vozila:<\/span><\/span><\/p>\n<p><span style=\"font-family: 'Times New Roman', serif;\"><span style=\"font-size: medium;\">* navalno vozilo marke MERCEDES 814,<\/span><\/span><\/p>\n<p><span style=\"font-family: 'Times New Roman', serif;\"><span style=\"font-size: medium;\"><a href=\"http:\/\/dvd-palinovec.hr\/wp\/wp-content\/uploads\/2022\/04\/86488184_2595871923980416_7294813892817977344_n.jpg\"><img loading=\"lazy\" decoding=\"async\" class=\"alignnone size-medium wp-image-605\" src=\"http:\/\/dvd-palinovec.hr\/wp\/wp-content\/uploads\/2022\/04\/86488184_2595871923980416_7294813892817977344_n-300x225.jpg\" alt=\"\" width=\"300\" height=\"225\" srcset=\"http:\/\/dvd-palinovec.hr\/wp\/wp-content\/uploads\/2022\/04\/86488184_2595871923980416_7294813892817977344_n-300x225.jpg 300w, http:\/\/dvd-palinovec.hr\/wp\/wp-content\/uploads\/2022\/04\/86488184_2595871923980416_7294813892817977344_n-768x576.jpg 768w, http:\/\/dvd-palinovec.hr\/wp\/wp-content\/uploads\/2022\/04\/86488184_2595871923980416_7294813892817977344_n-1024x768.jpg 1024w, http:\/\/dvd-palinovec.hr\/wp\/wp-content\/uploads\/2022\/04\/86488184_2595871923980416_7294813892817977344_n.jpg 1440w\" sizes=\"(max-width: 300px) 100vw, 300px\" \/><\/a><br \/>\n* kombi vozilo marke VOLKSWAGEN , CRAFTER<\/span><\/span><\/p>\n<p><span style=\"font-family: 'Times New Roman', serif;\"><span style=\"font-size: medium;\"><a href=\"http:\/\/dvd-palinovec.hr\/wp\/wp-content\/uploads\/2023\/05\/KOMBI-ZA-STR.jpg\"><img loading=\"lazy\" decoding=\"async\" class=\"alignnone size-medium wp-image-764\" src=\"http:\/\/dvd-palinovec.hr\/wp\/wp-content\/uploads\/2023\/05\/KOMBI-ZA-STR-300x225.jpg\" alt=\"\" width=\"300\" height=\"225\" srcset=\"http:\/\/dvd-palinovec.hr\/wp\/wp-content\/uploads\/2023\/05\/KOMBI-ZA-STR-300x225.jpg 300w, http:\/\/dvd-palinovec.hr\/wp\/wp-content\/uploads\/2023\/05\/KOMBI-ZA-STR-768x576.jpg 768w, http:\/\/dvd-palinovec.hr\/wp\/wp-content\/uploads\/2023\/05\/KOMBI-ZA-STR-1024x768.jpg 1024w, http:\/\/dvd-palinovec.hr\/wp\/wp-content\/uploads\/2023\/05\/KOMBI-ZA-STR.jpg 1920w\" sizes=\"(max-width: 300px) 100vw, 300px\" \/><\/a><br \/>\n<\/span><\/span><\/p>\n<p>&nbsp;<\/p>\n<p>Zatim, imamo 2 vatrogasna agregata, marke ZIEGLER, te 2 pumpe \u2013 HONDU i TOMOS, dvije elektri\u010dne potopne pumpe, 18 kompleta za\u0161titnih odjela, 4 izolacijska aparata i ostalu opremu kako bi mogli izvr\u0161avati na\u0161e zada\u0107e.<\/p>\n<p>U slu\u010daju po\u017eara u na\u0161em mjestu za ga\u0161enje imamo dovoljan kapacitet vode, kojeg osigurava vodovodna mre\u017ea na koju je priklju\u010dena hidrantska mre\u017ea.<\/p>\n<p>&nbsp;<\/p>\n","protected":false},"excerpt":{"rendered":"<p>Od opreme DVD-Palinovec ima 2 vatrogasna vozila: * navalno vozilo marke MERCEDES 814, * kombi vozilo marke VOLKSWAGEN , CRAFTER &nbsp; Zatim, imamo 2 vatrogasna agregata, marke ZIEGLER, te 2 pumpe \u2013 HONDU i TOMOS, dvije elektri\u010dne potopne pumpe, 18 kompleta za\u0161titnih odjela, 4 izolacijska aparata i ostalu opremu kako bi mogli izvr\u0161avati na\u0161e zada\u0107e. &hellip; <a href=\"http:\/\/dvd-palinovec.hr\/?page_id=13\" class=\"more-link\">Nastavi \u010ditati <span class=\"screen-reader-text\">Tehni\u010dka opremljenost<\/span> <span class=\"meta-nav\">&rarr;<\/span><\/a><\/p>\n","protected":false},"author":1,"featured_media":0,"parent":0,"menu_order":5,"comment_status":"closed","ping_status":"closed","template":"","meta":{"footnotes":""},"_links":{"self":[{"href":"http:\/\/dvd-palinovec.hr\/index.php?rest_route=\/wp\/v2\/pages\/13"}],"collection":[{"href":"http:\/\/dvd-palinovec.hr\/index.php?rest_route=\/wp\/v2\/pages"}],"about":[{"href":"http:\/\/dvd-palinovec.hr\/index.php?rest_route=\/wp\/v2\/types\/page"}],"author":[{"embeddable":true,"href":"http:\/\/dvd-palinovec.hr\/index.php?rest_route=\/wp\/v2\/users\/1"}],"replies":[{"embeddable":true,"href":"http:\/\/dvd-palinovec.hr\/index.php?rest_route=%2Fwp%2Fv2%2Fcomments&post=13"}],"version-history":[{"count":8,"href":"http:\/\/dvd-palinovec.hr\/index.php?rest_route=\/wp\/v2\/pages\/13\/revisions"}],"predecessor-version":[{"id":766,"href":"http:\/\/dvd-palinovec.hr\/index.php?rest_route=\/wp\/v2\/pages\/13\/revisions\/766"}],"wp:attachment":[{"href":"http:\/\/dvd-palinovec.hr\/index.php?rest_route=%2Fwp%2Fv2%2Fmedia&parent=13"}],"curies":[{"name":"wp","href":"https:\/\/api.w.org\/{rel}","templated":true}]}}